{"id":323,"date":"2020-08-02T11:07:37","date_gmt":"2020-08-02T09:07:37","guid":{"rendered":"https:\/\/www.brockzone.com\/?page_id=323"},"modified":"2024-09-25T10:48:18","modified_gmt":"2024-09-25T08:48:18","slug":"probleme-lecteur","status":"publish","type":"page","link":"https:\/\/www.brockzone.com\/index.php\/probleme-lecteur\/","title":{"rendered":"Comment \u00e9couter"},"content":{"rendered":"\r\n<p>C&rsquo;est quoi la fr\u00e9quence de BrockZone ?\u00a0<\/p>\r\n<p>BrockZone est une Webradio, ce qui veut dire qu&rsquo;elle s&rsquo;\u00e9coute via Internet. Inutile donc d&rsquo;essayer de nous trouver sur la bande FM, un peu de Wifi ou du r\u00e9seau 3G, 4G ou 5G et c&rsquo;est parti!<\/p>\r\n<blockquote>\r\n<p>Comment je vous \u00e9coute depuis chez moi ?<\/p>\r\n<\/blockquote>\r\n<p>Plusieurs supports d&rsquo;\u00e9coute peuvent \u00eatre utilis\u00e9s depuis chez vous :<\/p>\r\n<ul>\r\n<li>Grace \u00e0 l&rsquo;appli dispo sur les IOS et Android simplement en cherchant Brockzone<\/li>\r\n<\/ul>\r\n<p>ou se connecter sur www.brockzone.com via un navigateur (Safari, Chrome, Firefox, etc.) et de cliquer sur le bouton \u00ab\u00a0Lecteur\u00a0\u00bb situ\u00e9 en haut \u00e0 droite de notre site web.\u00a0<\/p>\r\n\r\n\r\n\r\n\r\n\r\n<blockquote>\r\n<p>Le lecteur ne fonctionne pas &#8230;<\/p>\r\n<\/blockquote>\r\n<p>Il peut arriver que le lecteur ne fonctionne pas. Le plus fr\u00e9quemment c&rsquo;est Google Chrome qui, \u00e9tant un peu parano\u00efaque, emp\u00eache l&rsquo;ouverture du lecteur. Plusieurs solutions s&rsquo;offrent \u00e0 vous :<\/p>\r\n<ul>\r\n<li>Autoriser le site web www.brockzone.com dans les param\u00e8tres de s\u00e9curit\u00e9 de votre navigateur<\/li>\r\n<li>Si cette solution ne fonctionne pas, utiliser un autre navigateur (Firefox, Safari, Explorer, etc.)<\/li>\r\n<li>Si vous ne parvenez toujours pas \u00e0 \u00e9couter BrockZone, connectez-vous directement sur le lien suivant: <a href=\"https:\/\/brockzone.ovh:8443\/brockzone#.mp3\">https:\/\/brockzone.ovh:8443\/brockzone#.mp3<\/a><\/li>\r\n<\/ul>\r\n<blockquote>\r\n<p>\u00e7a ne fonctionne toujours pas &#8230;<\/p>\r\n<\/blockquote>\r\n<p>Vous pouvez nous \u00e9couter sur le site de radio.fr en cliquant sur le lien suivant : <a href=\"https:\/\/www.radio.fr\/s\/brockzone\">https:\/\/www.radio.fr\/s\/brockzone<\/a><\/p>\r\n<blockquote>\r\n<p>Toujours pas &#8230;<\/p>\r\n<\/blockquote>\r\n<ul>\r\n<li>Si le probl\u00e8me persiste encore, contactez-nous! brockzone68@gmail.com<\/li>\r\n<\/ul>\r\n<blockquote>\r\n<p>Comment je vous \u00e9coute dans ma voiture ?<\/p>\r\n<\/blockquote>\r\n<p>\r\n\r\n<\/p>\r\n<p>Le plus simple est de vous connecter sur le site www.brockzone.com depuis votre smartphone et de relier ce dernier au syst\u00e8me son de votre v\u00e9hicule.<\/p>\r\n","protected":false},"excerpt":{"rendered":"<p>C&rsquo;est quoi la fr\u00e9quence de BrockZone ?\u00a0 BrockZone est une Webradio, ce qui veut dire qu&rsquo;elle s&rsquo;\u00e9coute via Internet. Inutile donc d&rsquo;essayer de nous trouver sur la bande FM, un peu de Wifi ou du r\u00e9seau 3G, 4G ou 5G et c&rsquo;est parti! Comment je vous \u00e9coute depuis chez moi ? Plusieurs supports d&rsquo;\u00e9coute peuvent [&hellip;]<\/p>\n","protected":false},"author":2,"featured_media":464,"parent":0,"menu_order":0,"comment_status":"closed","ping_status":"closed","template":"page-nosidebar.php","meta":{"footnotes":""},"class_list":["post-323","page","type-page","status-publish","has-post-thumbnail","hentry"],"_links":{"self":[{"href":"https:\/\/www.brockzone.com\/index.php\/wp-json\/wp\/v2\/pages\/323","targetHints":{"allow":["GET"]}}],"collection":[{"href":"https:\/\/www.brockzone.com\/index.php\/wp-json\/wp\/v2\/pages"}],"about":[{"href":"https:\/\/www.brockzone.com\/index.php\/wp-json\/wp\/v2\/types\/page"}],"author":[{"embeddable":true,"href":"https:\/\/www.brockzone.com\/index.php\/wp-json\/wp\/v2\/users\/2"}],"replies":[{"embeddable":true,"href":"https:\/\/www.brockzone.com\/index.php\/wp-json\/wp\/v2\/comments?post=323"}],"version-history":[{"count":19,"href":"https:\/\/www.brockzone.com\/index.php\/wp-json\/wp\/v2\/pages\/323\/revisions"}],"predecessor-version":[{"id":1904,"href":"https:\/\/www.brockzone.com\/index.php\/wp-json\/wp\/v2\/pages\/323\/revisions\/1904"}],"wp:featuredmedia":[{"embeddable":true,"href":"https:\/\/www.brockzone.com\/index.php\/wp-json\/wp\/v2\/media\/464"}],"wp:attachment":[{"href":"https:\/\/www.brockzone.com\/index.php\/wp-json\/wp\/v2\/media?parent=323"}],"curies":[{"name":"wp","href":"https:\/\/api.w.org\/{rel}","templated":true}]}}